{"id":898,"date":"2023-08-21T14:22:00","date_gmt":"2023-08-21T14:22:00","guid":{"rendered":"http:\/\/ocantinhodosmeusvelhos.pt\/?page_id=898"},"modified":"2026-04-15T11:13:08","modified_gmt":"2026-04-15T11:13:08","slug":"politica-de-privacidade","status":"publish","type":"page","link":"http:\/\/ocantinhodosmeusvelhos.pt\/?page_id=898","title":{"rendered":"Pol\u00edtica de Privacidade"},"content":{"rendered":"\t\t<div data-elementor-type=\"wp-page\" data-elementor-id=\"898\" class=\"elementor elementor-898\" data-elementor-post-type=\"page\">\n\t\t\t\t\t\t<section class=\"elementor-section elementor-top-section elementor-element elementor-element-261b4aa elementor-section-boxed elementor-section-height-default elementor-section-height-default\" data-id=\"261b4aa\" data-element_type=\"section\" data-e-type=\"section\">\n\t\t\t\t\t\t<div class=\"elementor-container elementor-column-gap-default\">\n\t\t\t\t\t<div class=\"elementor-column elementor-col-100 elementor-top-column elementor-element elementor-element-948de76\" data-id=\"948de76\" data-element_type=\"column\" data-e-type=\"column\">\n\t\t\t<div class=\"elementor-widget-wrap elementor-element-populated\">\n\t\t\t\t\t\t<div class=\"elementor-element elementor-element-23c6d43 elementor-widget elementor-widget-text-editor\" data-id=\"23c6d43\" data-element_type=\"widget\" data-e-type=\"widget\" data-widget_type=\"text-editor.default\">\n\t\t\t\t\t\t\t\t\t<div id=\"model-response-message-contentr_d1d0c5f5e32c3f6b\" class=\"markdown markdown-main-panel stronger enable-updated-hr-color\" dir=\"ltr\" aria-live=\"polite\" aria-busy=\"false\"><p data-path-to-node=\"1\"><b data-path-to-node=\"1\" data-index-in-node=\"0\">1. RESPONS\u00c1VEL PELO TRATAMENTO DE DADOS<\/b><\/p><p data-path-to-node=\"1\">A entidade respons\u00e1vel pela recolha e tratamento dos seus dados pessoais \u00e9 o <b data-path-to-node=\"1\" data-index-in-node=\"117\">LAR DE IDOSOS O CANTINHO DOS MEUS VELHOS, LDA<\/b>, com sede na <b data-path-to-node=\"1\" data-index-in-node=\"176\">Rua Estrada Nova, n\u00ba 17, 3360-184 Penacova<\/b>, titular do NIF <b data-path-to-node=\"1\" data-index-in-node=\"235\">504012061<\/b>, doravante designada por &#8220;O Cantinho dos Meus Velhos&#8221;.<\/p><p data-path-to-node=\"2\"><b data-path-to-node=\"2\" data-index-in-node=\"0\">2. RECOLHA DE DADOS PESSOAIS<\/b><\/p><p data-path-to-node=\"2\">O website d&#8217;O Cantinho dos Meus Velhos \u00e9 um site de natureza institucional e informativa. Recolhemos dados das seguintes formas:<\/p><ul data-path-to-node=\"3\"><li><p data-path-to-node=\"3,0,0\"><b data-path-to-node=\"3,0,0\" data-index-in-node=\"0\">Formul\u00e1rios de Contacto:<\/b> Quando entra em contacto connosco, recolhemos o seu nome, endere\u00e7o de e-mail, n\u00famero de telefone e quaisquer informa\u00e7\u00f5es que decida partilhar na sua mensagem.<\/p><\/li><li><p data-path-to-node=\"3,1,0\"><b data-path-to-node=\"3,1,0\" data-index-in-node=\"0\">Informa\u00e7\u00e3o do Dispositivo (Cookies):<\/b> Ao navegar no site, recolhemos automaticamente informa\u00e7\u00f5es t\u00e9cnicas como o seu endere\u00e7o IP, tipo de navegador, fuso hor\u00e1rio e dados sobre a forma como interage com as p\u00e1ginas. Estas informa\u00e7\u00f5es s\u00e3o utilizadas para garantir o funcionamento do site e para fins estat\u00edsticos de melhoria do servi\u00e7o.<\/p><\/li><\/ul><p data-path-to-node=\"4\"><b data-path-to-node=\"4\" data-index-in-node=\"0\">3. FINALIDADE DO TRATAMENTO<\/b><\/p><p data-path-to-node=\"4\">Os dados recolhidos destinam-se exclusivamente a:<\/p><ul data-path-to-node=\"5\"><li><p data-path-to-node=\"5,0,0\">Responder a pedidos de informa\u00e7\u00e3o, visitas ou or\u00e7amentos solicitados pelo utilizador;<\/p><\/li><li><p data-path-to-node=\"5,1,0\">Gest\u00e3o da comunica\u00e7\u00e3o institucional;<\/p><\/li><li><p data-path-to-node=\"5,2,0\">Otimiza\u00e7\u00e3o t\u00e9cnica e melhoria da experi\u00eancia de navega\u00e7\u00e3o no website.<\/p><\/li><\/ul><p data-path-to-node=\"6\"><b data-path-to-node=\"6\" data-index-in-node=\"0\">4. PARTILHA DE DADOS<\/b><\/p><p data-path-to-node=\"6\">N\u00e3o partilhamos as suas informa\u00e7\u00f5es pessoais com terceiros para fins de marketing. Os dados podem ser partilhados apenas com fornecedores de servi\u00e7os estritamente necess\u00e1rios \u00e0 opera\u00e7\u00e3o do site (como servi\u00e7os de alojamento ou an\u00e1lise estat\u00edstica) ou quando tal for exigido por lei ou autoridades judiciais.<\/p><p data-path-to-node=\"7\"><b data-path-to-node=\"7\" data-index-in-node=\"0\">5. RETEN\u00c7\u00c3O DE DADOS<\/b><\/p><p data-path-to-node=\"7\">Manteremos os seus dados pessoais apenas durante o per\u00edodo necess\u00e1rio para cumprir as finalidades para as quais foram recolhidos (por exemplo, at\u00e9 \u00e0 conclus\u00e3o da resposta ao seu pedido de contacto) ou para o cumprimento de obriga\u00e7\u00f5es legais.<\/p><p data-path-to-node=\"8\"><b data-path-to-node=\"8\" data-index-in-node=\"0\">6. SEGURAN\u00c7A<\/b><\/p><p data-path-to-node=\"8\">Implementamos medidas t\u00e9cnicas e organizativas adequadas para proteger os seus dados pessoais contra a perda, destrui\u00e7\u00e3o, altera\u00e7\u00e3o ou acesso n\u00e3o autorizado.<\/p><p data-path-to-node=\"9\"><b data-path-to-node=\"9\" data-index-in-node=\"0\">7. DIREITOS DOS UTILIZADORES (RGPD)<\/b><\/p><p data-path-to-node=\"9\">Nos termos do Regulamento Geral sobre a Prote\u00e7\u00e3o de Dados (RGPD), o utilizador tem o direito de:<\/p><ul data-path-to-node=\"10\"><li><p data-path-to-node=\"10,0,0\">Aceder aos seus dados pessoais;<\/p><\/li><li><p data-path-to-node=\"10,1,0\">Solicitar a retifica\u00e7\u00e3o de dados incorretos;<\/p><\/li><li><p data-path-to-node=\"10,2,0\">Solicitar o apagamento dos seus dados;<\/p><\/li><li><p data-path-to-node=\"10,3,0\">Opor-se ou limitar o tratamento dos seus dados;<\/p><\/li><li><p data-path-to-node=\"10,4,0\">Solicitar a portabilidade dos dados.<\/p><\/li><\/ul><p data-path-to-node=\"11\">Para exercer estes direitos, contacte-nos atrav\u00e9s do e-mail <b data-path-to-node=\"11\" data-index-in-node=\"60\">lardeidososocantinhodosvelhos@gmail.com<\/b>.<\/p><p data-path-to-node=\"12\"><b data-path-to-node=\"12\" data-index-in-node=\"0\">8. COOKIES<\/b><\/p><p data-path-to-node=\"12\">Este website utiliza cookies para melhorar o desempenho. O utilizador pode, a qualquer momento, configurar o seu navegador para recusar cookies, embora isso possa afetar algumas funcionalidades do site.<\/p><p data-path-to-node=\"13\"><b data-path-to-node=\"13\" data-index-in-node=\"0\">9. CONTACTO<\/b><\/p><p data-path-to-node=\"13\">Para quest\u00f5es relacionadas com esta Pol\u00edtica de Privacidade, pode contactar-nos:<\/p><ul data-path-to-node=\"14\"><li><p data-path-to-node=\"14,0,0\"><b data-path-to-node=\"14,0,0\" data-index-in-node=\"0\">Morada:<\/b> Rua Estrada Nova 17, 3360-184 Penacova<\/p><\/li><li><p data-path-to-node=\"14,1,0\"><b data-path-to-node=\"14,1,0\" data-index-in-node=\"0\">Telefone:<\/b> 239 477 942<\/p><\/li><li><p data-path-to-node=\"14,2,0\"><b data-path-to-node=\"14,2,0\" data-index-in-node=\"0\">E-mail:<\/b> lardeidososocantinhodosvelhos@gmail.com<\/p><\/li><\/ul><p data-path-to-node=\"15\"><b data-path-to-node=\"15\" data-index-in-node=\"0\">10. ALTERA\u00c7\u00d5ES<\/b><\/p><p data-path-to-node=\"15\">Reservamos o direito de atualizar esta Pol\u00edtica de Privacidade sempre que necess\u00e1rio para refletir altera\u00e7\u00f5es nas nossas pr\u00e1ticas ou obriga\u00e7\u00f5es legais. Recomendamos a consulta regular desta p\u00e1gina.<\/p><p data-path-to-node=\"16\"><b data-path-to-node=\"16\" data-index-in-node=\"0\">Data da \u00faltima atualiza\u00e7\u00e3o:<\/b> 15 de abril de 2026<\/p><\/div>\t\t\t\t\t\t\t\t<\/div>\n\t\t\t\t\t<\/div>\n\t\t<\/div>\n\t\t\t\t\t<\/div>\n\t\t<\/section>\n\t\t\t\t<\/div>\n\t\t","protected":false},"excerpt":{"rendered":"<p>1. RESPONS\u00c1VEL PELO TRATAMENTO DE DADOS A entidade respons\u00e1vel pela recolha e tratamento dos seus dados pessoais \u00e9 o LAR DE IDOSOS O CANTINHO DOS MEUS VELHOS, LDA, com sede na Rua Estrada Nova, n\u00ba 17, 3360-184 Penacova, titular do NIF 504012061, doravante designada por &#8220;O Cantinho dos Meus Velhos&#8221;. 2. RECOLHA DE DADOS PESSOAIS [&hellip;]<\/p>\n","protected":false},"author":1,"featured_media":0,"parent":0,"menu_order":0,"comment_status":"closed","ping_status":"closed","template":"","meta":{"footnotes":""},"class_list":["post-898","page","type-page","status-publish","hentry"],"_links":{"self":[{"href":"http:\/\/ocantinhodosmeusvelhos.pt\/index.php?rest_route=\/wp\/v2\/pages\/898","targetHints":{"allow":["GET"]}}],"collection":[{"href":"http:\/\/ocantinhodosmeusvelhos.pt\/index.php?rest_route=\/wp\/v2\/pages"}],"about":[{"href":"http:\/\/ocantinhodosmeusvelhos.pt\/index.php?rest_route=\/wp\/v2\/types\/page"}],"author":[{"embeddable":true,"href":"http:\/\/ocantinhodosmeusvelhos.pt\/index.php?rest_route=\/wp\/v2\/users\/1"}],"replies":[{"embeddable":true,"href":"http:\/\/ocantinhodosmeusvelhos.pt\/index.php?rest_route=%2Fwp%2Fv2%2Fcomments&post=898"}],"version-history":[{"count":10,"href":"http:\/\/ocantinhodosmeusvelhos.pt\/index.php?rest_route=\/wp\/v2\/pages\/898\/revisions"}],"predecessor-version":[{"id":1236,"href":"http:\/\/ocantinhodosmeusvelhos.pt\/index.php?rest_route=\/wp\/v2\/pages\/898\/revisions\/1236"}],"wp:attachment":[{"href":"http:\/\/ocantinhodosmeusvelhos.pt\/index.php?rest_route=%2Fwp%2Fv2%2Fmedia&parent=898"}],"curies":[{"name":"wp","href":"https:\/\/api.w.org\/{rel}","templated":true}]}}